{"id":106,"date":"2015-11-03T15:18:36","date_gmt":"2015-11-03T14:18:36","guid":{"rendered":"http:\/\/ejvindh.net\/?page_id=106"},"modified":"2025-12-18T10:54:37","modified_gmt":"2025-12-18T09:54:37","slug":"pressekontakt","status":"publish","type":"page","link":"https:\/\/ejvindh.net\/en\/pressekontakt\/","title":{"rendered":"The Press"},"content":{"rendered":"\n<p>Jeg st\u00e5r gerne til r\u00e5dighed for medierne indenfor f\u00f8lgende&nbsp;omr\u00e5der\/emner:<\/p>\n\n\n\n<ul class=\"wp-block-list\">\n<li>Diskurser i medierne, mediestrategier (hvordan itales\u00e6ttelse er med til at forme vores opfattelse af ting og sager).<\/li>\n\n\n\n<li>Ytringsfrihed<\/li>\n\n\n\n<li>Den gode offentlighed i den demokratiske proces<\/li>\n\n\n\n<li>Betydningen af internet medier i offentligheden<\/li>\n<\/ul>\n\n\n\n<h3 class=\"wp-block-heading\">Kontakt:<\/h3>\n\n\n\n<p>Jeg kan kontaktes gennem formularen p\u00e5 denne hjemmeside. Hvis du foretr\u00e6kker direkte email-kommunikation, s\u00e5 findes min email-adresse p\u00e5 <a href=\"https:\/\/www.dmjx.dk\/om-os\/kontakt\/medarbejdere\/ejvind-hansen\" target=\"_blank\" rel=\"noopener\">dmjx.dk<\/a>. Du kan ogs\u00e5 ringe til mig p\u00e5 24602361.<\/p>\n\n\n\n<h3 class=\"wp-block-heading\">Debatindl\u00e6g<\/h3>\n\n\n\n<p>Jeg skriver ogs\u00e5 regelm\u00e6ssigt selv bidrag til den st\u00f8rre offentlighed. Et udvalg heraf kan ses her: <a href=\"http:\/\/ejvindh.net\/debatindlaeg\/\" target=\"_blank\" rel=\"noopener\">Link<\/a><\/p>\n\n\n\n<h3 class=\"wp-block-heading\">Pressefotos:<\/h3>\n\n\n<div class=\"wp-block-image\">\n<figure class=\"aligncenter\"><a href=\"http:\/\/ejvindh.net\/wp-content\/uploads\/2023\/12\/2023_D6A9591.jpg\" rel=\"attachment wp-att-418\"><img loading=\"lazy\" decoding=\"async\" width=\"300\" height=\"200\" src=\"http:\/\/ejvindh.net\/wp-content\/uploads\/2023\/12\/2023_D6A9591-300x200.jpg\" alt=\"\" class=\"wp-image-418\" srcset=\"https:\/\/ejvindh.net\/wp-content\/uploads\/2023\/12\/2023_D6A9591-300x200.jpg 300w, https:\/\/ejvindh.net\/wp-content\/uploads\/2023\/12\/2023_D6A9591-1024x683.jpg 1024w, https:\/\/ejvindh.net\/wp-content\/uploads\/2023\/12\/2023_D6A9591-768x512.jpg 768w, https:\/\/ejvindh.net\/wp-content\/uploads\/2023\/12\/2023_D6A9591-1536x1024.jpg 1536w, https:\/\/ejvindh.net\/wp-content\/uploads\/2023\/12\/2023_D6A9591-2048x1365.jpg 2048w\" sizes=\"auto, (max-width: 300px) 100vw, 300px\" \/><\/a><\/figure>\n<\/div>\n\n\n<p><\/p>\n\n\n<div class=\"wp-block-image\">\n<figure class=\"aligncenter\"><a href=\"http:\/\/ejvindh.net\/wp-content\/uploads\/2023\/12\/2023_D6A9677.jpg\" rel=\"attachment wp-att-419\"><img loading=\"lazy\" decoding=\"async\" width=\"300\" height=\"200\" src=\"http:\/\/ejvindh.net\/wp-content\/uploads\/2023\/12\/2023_D6A9677-300x200.jpg\" alt=\"\" class=\"wp-image-419\" srcset=\"https:\/\/ejvindh.net\/wp-content\/uploads\/2023\/12\/2023_D6A9677-300x200.jpg 300w, https:\/\/ejvindh.net\/wp-content\/uploads\/2023\/12\/2023_D6A9677-1024x683.jpg 1024w, https:\/\/ejvindh.net\/wp-content\/uploads\/2023\/12\/2023_D6A9677-768x512.jpg 768w, https:\/\/ejvindh.net\/wp-content\/uploads\/2023\/12\/2023_D6A9677-1536x1024.jpg 1536w, https:\/\/ejvindh.net\/wp-content\/uploads\/2023\/12\/2023_D6A9677-2048x1365.jpg 2048w\" sizes=\"auto, (max-width: 300px) 100vw, 300px\" \/><\/a><\/figure>\n<\/div>\n\n\n<p><\/p>\n\n\n<div class=\"wp-block-image\">\n<figure class=\"aligncenter size-medium\"><img loading=\"lazy\" decoding=\"async\" width=\"300\" height=\"200\" src=\"https:\/\/ejvindh.net\/wp-content\/uploads\/2025\/12\/2025-Ejvind-Hansen-300x200.jpeg\" alt=\"\" class=\"wp-image-470\" srcset=\"https:\/\/ejvindh.net\/wp-content\/uploads\/2025\/12\/2025-Ejvind-Hansen-300x200.jpeg 300w, https:\/\/ejvindh.net\/wp-content\/uploads\/2025\/12\/2025-Ejvind-Hansen-1024x682.jpeg 1024w, https:\/\/ejvindh.net\/wp-content\/uploads\/2025\/12\/2025-Ejvind-Hansen-768x512.jpeg 768w, https:\/\/ejvindh.net\/wp-content\/uploads\/2025\/12\/2025-Ejvind-Hansen-1536x1023.jpeg 1536w, https:\/\/ejvindh.net\/wp-content\/uploads\/2025\/12\/2025-Ejvind-Hansen.jpeg 1600w\" sizes=\"auto, (max-width: 300px) 100vw, 300px\" \/><\/figure>\n<\/div>\n\n\n<p class=\"has-text-align-left\">De f\u00f8rste to billeder er taget af Kasper S\u00f8holt (<a href=\"https:\/\/www.linkedin.com\/in\/kasper-s%C3%B8holt-a964b018b\/?originalSubdomain=dk\" target=\"_blank\" rel=\"noopener\">link<\/a>) p\u00e5 vegne af DMJX i 2023. Det sidste er taget af Benedicte Ramfjord. Billederne m\u00e5 bruges frit i forbindelse med omtale af Ejvind Hansens faglige virke i medierne. En h\u00f8jopl\u00f8st udgave dukker op, hvis man klikker p\u00e5 billedet.<\/p>\n","protected":false},"excerpt":{"rendered":"<p>Jeg st\u00e5r gerne til r\u00e5dighed for medierne indenfor f\u00f8lgende&nbsp;omr\u00e5der\/emner: Kontakt: Jeg kan kontaktes gennem formularen p\u00e5 denne hjemmeside. Hvis du foretr\u00e6kker direkte email-kommunikation, s\u00e5 findes min email-adresse p\u00e5 dmjx.dk. Du kan ogs\u00e5<a class=\"moretag\" href=\"https:\/\/ejvindh.net\/en\/pressekontakt\/\">Read More&#8230;<\/a><\/p>\n","protected":false},"author":1,"featured_media":0,"parent":0,"menu_order":0,"comment_status":"closed","ping_status":"closed","template":"","meta":{"footnotes":""},"class_list":["post-106","page","type-page","status-publish","hentry"],"translation":{"provider":"WPGlobus","version":"3.0.1","language":"en","enabled_languages":["dk","en"],"languages":{"dk":{"title":true,"content":true,"excerpt":false},"en":{"title":true,"content":true,"excerpt":false}}},"_links":{"self":[{"href":"https:\/\/ejvindh.net\/en\/wp-json\/wp\/v2\/pages\/106","targetHints":{"allow":["GET"]}}],"collection":[{"href":"https:\/\/ejvindh.net\/en\/wp-json\/wp\/v2\/pages"}],"about":[{"href":"https:\/\/ejvindh.net\/en\/wp-json\/wp\/v2\/types\/page"}],"author":[{"embeddable":true,"href":"https:\/\/ejvindh.net\/en\/wp-json\/wp\/v2\/users\/1"}],"replies":[{"embeddable":true,"href":"https:\/\/ejvindh.net\/en\/wp-json\/wp\/v2\/comments?post=106"}],"version-history":[{"count":18,"href":"https:\/\/ejvindh.net\/en\/wp-json\/wp\/v2\/pages\/106\/revisions"}],"predecessor-version":[{"id":484,"href":"https:\/\/ejvindh.net\/en\/wp-json\/wp\/v2\/pages\/106\/revisions\/484"}],"wp:attachment":[{"href":"https:\/\/ejvindh.net\/en\/wp-json\/wp\/v2\/media?parent=106"}],"curies":[{"name":"wp","href":"https:\/\/api.w.org\/{rel}","templated":true}]}}